{"id":2421,"date":"2021-01-18T11:22:29","date_gmt":"2021-01-18T11:22:29","guid":{"rendered":"https:\/\/mosaicos-solana.com\/placa-de-hormigon\/"},"modified":"2023-06-07T16:20:22","modified_gmt":"2023-06-07T16:20:22","slug":"placa-de-hormigon","status":"publish","type":"page","link":"https:\/\/mosaicos-solana.com\/en\/placa-de-hormigon\/","title":{"rendered":"Placa de Hormig\u00f3n"},"content":{"rendered":"<p>[et_pb_section fb_built=&#8221;1&#8243; _builder_version=&#8221;4.16&#8243; _module_preset=&#8221;default&#8221; global_colors_info=&#8221;{}&#8221;][et_pb_row _builder_version=&#8221;4.16&#8243; _module_preset=&#8221;default&#8221; custom_padding=&#8221;||3px|||&#8221; global_colors_info=&#8221;{}&#8221;][et_pb_column type=&#8221;4_4&#8243; _builder_version=&#8221;4.16&#8243; _module_preset=&#8221;default&#8221; global_colors_info=&#8221;{}&#8221;][et_pb_text _builder_version=&#8221;4.16&#8243; _module_preset=&#8221;default&#8221; text_font=&#8221;Nunito||||||||&#8221; text_text_color=&#8221;#007FE0&#8243; text_font_size=&#8221;20px&#8221; custom_margin=&#8221;||-1px|||&#8221; global_colors_info=&#8221;{}&#8221;]<\/p>\n<p style=\"text-align: left;\">CONCRETE SLAB<\/p>\n<p>[\/et_pb_text][\/et_pb_column][\/et_pb_row][et_pb_row column_structure=&#8221;1_2,1_2&#8243; _builder_version=&#8221;4.16&#8243; _module_preset=&#8221;default&#8221; custom_padding=&#8221;||0px|||&#8221; global_colors_info=&#8221;{}&#8221;][et_pb_column type=&#8221;1_2&#8243; _builder_version=&#8221;4.16&#8243; _module_preset=&#8221;default&#8221; global_colors_info=&#8221;{}&#8221;][et_pb_text _builder_version=&#8221;4.21.0&#8243; _module_preset=&#8221;default&#8221; custom_margin=&#8221;0px|||||&#8221; hover_enabled=&#8221;0&#8243; global_colors_info=&#8221;{}&#8221; sticky_enabled=&#8221;0&#8243;]For a few years now, our company created a division dedicated to the commercialisation of CONCRETE SLABS, to be used as a support in tests to determine the properties of adhesives for ceramic tiles, in accordance with the European Regulation UNE-EN 12004-2.<\/p>\n<p>CONCRETE SLABS manufactured in a fully automated chain, subjected to vibration and pressed at 150 Kg\/cm2, which facilitates the absorption of excess water from the mixing, achieving a correct compaction of the slab.[\/et_pb_text][et_pb_divider color=&#8221;#8F8F8F&#8221; divider_style=&#8221;dotted&#8221; _builder_version=&#8221;4.16&#8243; _module_preset=&#8221;default&#8221; custom_margin=&#8221;||-2px||false|false&#8221; custom_padding=&#8221;||0px||false|false&#8221; global_colors_info=&#8221;{}&#8221;][\/et_pb_divider][\/et_pb_column][et_pb_column type=&#8221;1_2&#8243; _builder_version=&#8221;4.16&#8243; _module_preset=&#8221;default&#8221; global_colors_info=&#8221;{}&#8221;][et_pb_text _builder_version=&#8221;4.16&#8243; _module_preset=&#8221;default&#8221; text_font_size=&#8221;30px&#8221; text_letter_spacing=&#8221;1px&#8221; text_line_height=&#8221;1.3em&#8221; global_colors_info=&#8221;{}&#8221;]&#8221;We commercialise slabs for adhesive adhesion tests in more than 30 countries around the world&#8221;[\/et_pb_text][et_pb_button button_url=&#8221;\/documentacion\/#placa&#8221; button_text=&#8221;Documentaci\u00f3n&#8221; button_alignment=&#8221;left&#8221; _builder_version=&#8221;4.16&#8243; _module_preset=&#8221;default&#8221; global_colors_info=&#8221;{}&#8221;][\/et_pb_button][et_pb_button button_url=&#8221;\/documentacion\/#placa&#8221; button_text=&#8221;Documentation&#8221; button_alignment=&#8221;left&#8221; _builder_version=&#8221;4.16&#8243; _module_preset=&#8221;default&#8221; global_colors_info=&#8221;{}&#8221;][\/et_pb_button][et_pb_button button_url=&#8221;\/documentacion\/#placa&#8221; button_text=&#8221;Dokumentation&#8221; button_alignment=&#8221;left&#8221; _builder_version=&#8221;4.16&#8243; _module_preset=&#8221;default&#8221; global_colors_info=&#8221;{}&#8221;][\/et_pb_button][\/et_pb_column][\/et_pb_row][et_pb_row column_structure=&#8221;1_2,1_2&#8243; _builder_version=&#8221;4.16&#8243; _module_preset=&#8221;default&#8221; global_colors_info=&#8221;{}&#8221;][et_pb_column type=&#8221;1_2&#8243; _builder_version=&#8221;4.16&#8243; _module_preset=&#8221;default&#8221; global_colors_info=&#8221;{}&#8221;][et_pb_text _builder_version=&#8221;4.16&#8243; _module_preset=&#8221;default&#8221; text_font=&#8221;Nunito||||||||&#8221; text_text_color=&#8221;#6B6B6B&#8221; text_font_size=&#8221;20px&#8221; custom_margin=&#8221;||-1px|||&#8221; global_colors_info=&#8221;{}&#8221;]<\/p>\n<p style=\"text-align: left;\">TECHNICAL FEATURES<\/p>\n<p>[\/et_pb_text][et_pb_text _builder_version=&#8221;4.21.0&#8243; _module_preset=&#8221;default&#8221; custom_margin=&#8221;0px|||||&#8221; custom_padding=&#8221;36px|||||&#8221; hover_enabled=&#8221;0&#8243; global_colors_info=&#8221;{}&#8221; sticky_enabled=&#8221;0&#8243;]According to the European Regulation UNE-EN 12004-2, our slabs meet the following characteristics to act as supports to determine the properties of adhesives for ceramic tiles.<br \/>\nCONCRETE SLABS manufactured with Portland cement CEM 42.5 R, aggregates, fine aggregates and water in proportions and methodology according to the specifications of the European Regulation UNE-EN 12004-2.[\/et_pb_text][\/et_pb_column][et_pb_column type=&#8221;1_2&#8243; _builder_version=&#8221;4.16&#8243; _module_preset=&#8221;default&#8221; global_colors_info=&#8221;{}&#8221;][\/et_pb_column][\/et_pb_row][\/et_pb_section][et_pb_section fb_built=&#8221;1&#8243; fullwidth=&#8221;on&#8221; _builder_version=&#8221;4.16&#8243; _module_preset=&#8221;default&#8221; custom_padding=&#8221;||100px||false|false&#8221; global_colors_info=&#8221;{}&#8221;][et_pb_fullwidth_slider _builder_version=&#8221;4.16&#8243; _module_preset=&#8221;default&#8221; module_alignment=&#8221;center&#8221; content_width=&#8221;100%&#8221; min_height=&#8221;100%&#8221; height=&#8221;100%&#8221; custom_margin=&#8221;0px||||false|false&#8221; custom_padding=&#8221;400px||400px||false|false&#8221; custom_padding_tablet=&#8221;200px||||false|false&#8221; custom_padding_phone=&#8221;100px||100px||false|false&#8221; custom_padding_last_edited=&#8221;on|tablet&#8221; auto=&#8221;on&#8221; auto_speed=&#8221;5000&#8243; auto_ignore_hover=&#8221;on&#8221; global_colors_info=&#8221;{}&#8221;][et_pb_slide _builder_version=&#8221;4.16&#8243; _module_preset=&#8221;default&#8221; background_image=&#8221;https:\/\/mosaicos-solana.com\/wp-content\/uploads\/2021\/04\/Placa-de-hormigon.jpg&#8221; background_enable_image=&#8221;on&#8221; global_colors_info=&#8221;{}&#8221; sticky_transition=&#8221;on&#8221;][\/et_pb_slide][\/et_pb_fullwidth_slider][\/et_pb_section]<\/p>\n","protected":false},"excerpt":{"rendered":"<p>CONCRETE SLABFor a few years now, our company created a division dedicated to the commercialisation of CONCRETE SLABS, to be used as a support in tests to determine the properties of adhesives for ceramic tiles, in accordance with the European Regulation UNE-EN 12004-2. CONCRETE SLABS manufactured in a fully automated chain, subjected to vibration and [&hellip;]<\/p>\n","protected":false},"author":1,"featured_media":0,"parent":0,"menu_order":0,"comment_status":"closed","ping_status":"closed","template":"","meta":{"_et_pb_use_builder":"on","_et_pb_old_content":"","_et_gb_content_width":"","footnotes":""},"class_list":["post-2421","page","type-page","status-publish","hentry"],"yoast_head":"<!-- This site is optimized with the Yoast SEO plugin v26.3 - https:\/\/yoast.com\/wordpress\/plugins\/seo\/ -->\n<title>Placa de Hormig\u00f3n - Mosaicos Solana | Hormigones aglomerados de cemento de gran calidad<\/title>\n<meta name=\"robots\" content=\"index, follow, max-snippet:-1, max-image-preview:large, max-video-preview:-1\" \/>\n<link rel=\"canonical\" href=\"https:\/\/mosaicos-solana.com\/en\/placa-de-hormigon\/\" \/>\n<meta property=\"og:locale\" content=\"en_US\" \/>\n<meta property=\"og:type\" content=\"article\" \/>\n<meta property=\"og:title\" content=\"Placa de Hormig\u00f3n - Mosaicos Solana | Hormigones aglomerados de cemento de gran calidad\" \/>\n<meta property=\"og:description\" content=\"CONCRETE SLABFor a few years now, our company created a division dedicated to the commercialisation of CONCRETE SLABS, to be used as a support in tests to determine the properties of adhesives for ceramic tiles, in accordance with the European Regulation UNE-EN 12004-2. CONCRETE SLABS manufactured in a fully automated chain, subjected to vibration and [&hellip;]\" \/>\n<meta property=\"og:url\" content=\"https:\/\/mosaicos-solana.com\/en\/placa-de-hormigon\/\" \/>\n<meta property=\"og:site_name\" content=\"Mosaicos Solana | Hormigones aglomerados de cemento de gran calidad\" \/>\n<meta property=\"article:modified_time\" content=\"2023-06-07T16:20:22+00:00\" \/>\n<meta name=\"twitter:card\" content=\"summary_large_image\" \/>\n<meta name=\"twitter:label1\" content=\"Est. reading time\" \/>\n\t<meta name=\"twitter:data1\" content=\"3 minutes\" \/>\n<script type=\"application\/ld+json\" class=\"yoast-schema-graph\">{\"@context\":\"https:\/\/schema.org\",\"@graph\":[{\"@type\":\"WebPage\",\"@id\":\"https:\/\/mosaicos-solana.com\/en\/placa-de-hormigon\/\",\"url\":\"https:\/\/mosaicos-solana.com\/en\/placa-de-hormigon\/\",\"name\":\"Placa de Hormig\u00f3n - Mosaicos Solana | Hormigones aglomerados de cemento de gran calidad\",\"isPartOf\":{\"@id\":\"https:\/\/mosaicos-solana.com\/en\/#website\"},\"datePublished\":\"2021-01-18T11:22:29+00:00\",\"dateModified\":\"2023-06-07T16:20:22+00:00\",\"breadcrumb\":{\"@id\":\"https:\/\/mosaicos-solana.com\/en\/placa-de-hormigon\/#breadcrumb\"},\"inLanguage\":\"en-US\",\"potentialAction\":[{\"@type\":\"ReadAction\",\"target\":[\"https:\/\/mosaicos-solana.com\/en\/placa-de-hormigon\/\"]}]},{\"@type\":\"BreadcrumbList\",\"@id\":\"https:\/\/mosaicos-solana.com\/en\/placa-de-hormigon\/#breadcrumb\",\"itemListElement\":[{\"@type\":\"ListItem\",\"position\":1,\"name\":\"Portada\",\"item\":\"https:\/\/mosaicos-solana.com\/en\/\"},{\"@type\":\"ListItem\",\"position\":2,\"name\":\"Placa de Hormig\u00f3n\"}]},{\"@type\":\"WebSite\",\"@id\":\"https:\/\/mosaicos-solana.com\/en\/#website\",\"url\":\"https:\/\/mosaicos-solana.com\/en\/\",\"name\":\"Mosaicos Solana | Hormigones aglomerados de cemento de gran calidad\",\"description\":\"Desarrollamos hormigones aglomerados de cemento de gran calidad, durabilidad, resistencia y belleza. Elementos y caracter\u00edsticas que hoy en d\u00eda resultan del todo imprescindibles en cualquier gran desarrollo arquitect\u00f3nico.\",\"potentialAction\":[{\"@type\":\"SearchAction\",\"target\":{\"@type\":\"EntryPoint\",\"urlTemplate\":\"https:\/\/mosaicos-solana.com\/en\/?s={search_term_string}\"},\"query-input\":{\"@type\":\"PropertyValueSpecification\",\"valueRequired\":true,\"valueName\":\"search_term_string\"}}],\"inLanguage\":\"en-US\"}]}<\/script>\n<!-- \/ Yoast SEO plugin. -->","yoast_head_json":{"title":"Placa de Hormig\u00f3n - Mosaicos Solana | Hormigones aglomerados de cemento de gran calidad","robots":{"index":"index","follow":"follow","max-snippet":"max-snippet:-1","max-image-preview":"max-image-preview:large","max-video-preview":"max-video-preview:-1"},"canonical":"https:\/\/mosaicos-solana.com\/en\/placa-de-hormigon\/","og_locale":"en_US","og_type":"article","og_title":"Placa de Hormig\u00f3n - Mosaicos Solana | Hormigones aglomerados de cemento de gran calidad","og_description":"CONCRETE SLABFor a few years now, our company created a division dedicated to the commercialisation of CONCRETE SLABS, to be used as a support in tests to determine the properties of adhesives for ceramic tiles, in accordance with the European Regulation UNE-EN 12004-2. CONCRETE SLABS manufactured in a fully automated chain, subjected to vibration and [&hellip;]","og_url":"https:\/\/mosaicos-solana.com\/en\/placa-de-hormigon\/","og_site_name":"Mosaicos Solana | Hormigones aglomerados de cemento de gran calidad","article_modified_time":"2023-06-07T16:20:22+00:00","twitter_card":"summary_large_image","twitter_misc":{"Est. reading time":"3 minutes"},"schema":{"@context":"https:\/\/schema.org","@graph":[{"@type":"WebPage","@id":"https:\/\/mosaicos-solana.com\/en\/placa-de-hormigon\/","url":"https:\/\/mosaicos-solana.com\/en\/placa-de-hormigon\/","name":"Placa de Hormig\u00f3n - Mosaicos Solana | Hormigones aglomerados de cemento de gran calidad","isPartOf":{"@id":"https:\/\/mosaicos-solana.com\/en\/#website"},"datePublished":"2021-01-18T11:22:29+00:00","dateModified":"2023-06-07T16:20:22+00:00","breadcrumb":{"@id":"https:\/\/mosaicos-solana.com\/en\/placa-de-hormigon\/#breadcrumb"},"inLanguage":"en-US","potentialAction":[{"@type":"ReadAction","target":["https:\/\/mosaicos-solana.com\/en\/placa-de-hormigon\/"]}]},{"@type":"BreadcrumbList","@id":"https:\/\/mosaicos-solana.com\/en\/placa-de-hormigon\/#breadcrumb","itemListElement":[{"@type":"ListItem","position":1,"name":"Portada","item":"https:\/\/mosaicos-solana.com\/en\/"},{"@type":"ListItem","position":2,"name":"Placa de Hormig\u00f3n"}]},{"@type":"WebSite","@id":"https:\/\/mosaicos-solana.com\/en\/#website","url":"https:\/\/mosaicos-solana.com\/en\/","name":"Mosaicos Solana | Hormigones aglomerados de cemento de gran calidad","description":"Desarrollamos hormigones aglomerados de cemento de gran calidad, durabilidad, resistencia y belleza. Elementos y caracter\u00edsticas que hoy en d\u00eda resultan del todo imprescindibles en cualquier gran desarrollo arquitect\u00f3nico.","potentialAction":[{"@type":"SearchAction","target":{"@type":"EntryPoint","urlTemplate":"https:\/\/mosaicos-solana.com\/en\/?s={search_term_string}"},"query-input":{"@type":"PropertyValueSpecification","valueRequired":true,"valueName":"search_term_string"}}],"inLanguage":"en-US"}]}},"_links":{"self":[{"href":"https:\/\/mosaicos-solana.com\/en\/wp-json\/wp\/v2\/pages\/2421","targetHints":{"allow":["GET"]}}],"collection":[{"href":"https:\/\/mosaicos-solana.com\/en\/wp-json\/wp\/v2\/pages"}],"about":[{"href":"https:\/\/mosaicos-solana.com\/en\/wp-json\/wp\/v2\/types\/page"}],"author":[{"embeddable":true,"href":"https:\/\/mosaicos-solana.com\/en\/wp-json\/wp\/v2\/users\/1"}],"replies":[{"embeddable":true,"href":"https:\/\/mosaicos-solana.com\/en\/wp-json\/wp\/v2\/comments?post=2421"}],"version-history":[{"count":4,"href":"https:\/\/mosaicos-solana.com\/en\/wp-json\/wp\/v2\/pages\/2421\/revisions"}],"predecessor-version":[{"id":2555,"href":"https:\/\/mosaicos-solana.com\/en\/wp-json\/wp\/v2\/pages\/2421\/revisions\/2555"}],"wp:attachment":[{"href":"https:\/\/mosaicos-solana.com\/en\/wp-json\/wp\/v2\/media?parent=2421"}],"curies":[{"name":"wp","href":"https:\/\/api.w.org\/{rel}","templated":true}]}}